{"id":8,"date":"2017-09-22T08:49:29","date_gmt":"2017-09-22T08:49:29","guid":{"rendered":"https:\/\/martingil.es\/?page_id=8"},"modified":"2025-10-07T12:16:13","modified_gmt":"2025-10-07T10:16:13","slug":"inicio","status":"publish","type":"page","link":"https:\/\/martingil.es\/en\/inicio\/","title":{"rendered":"Home"},"content":{"rendered":"<section class=\"fw-main-row\"  >\n\t<div class=\"fw-container\">\n\t\t<div class=\"row\">\n\t\r\n\r\n<div class=\"col-xs-12 col-sm-6\">\r\n    <div id=\"col_inner_id-69dedf8d5aafe\" class=\"fw-col-inner\" data-paddings=\"0px 0px 0px 0px\">\r\n\t\t\n<div class=\"block-title\">\n    <h3 class=\" translation-block\">About<span> Me<\/span><\/h3>\n<\/div>\n<p>Hello! I am Mart\u00edn Gil. As a true enthusiast of video games and computer science, I have specialized in translation for the video game industry and in multi-platform applications development.<\/p><a href=\"#cv\" target=\"_self\" id=\"button_f5776ea5255d3cd91c8cbbfe56a2c79f\" class=\"btn btn-secondary\" data-mtop=\"15\" data-mbottom=\"0\">Check CV<\/a>\t<\/div>\r\n<\/div>\r\n\r\n\r\n<div class=\"col-xs-12 col-sm-6\">\r\n    <div id=\"col_inner_id-69dedf8d5b290\" class=\"fw-col-inner\" data-paddings=\"0px 0px 0px 0px\">\r\n\t\t<div id=\"info-list-69dedf8d5b497\" class=\"info-list\">\n\t\n\t<ul class=\"fw-info-list info-list\">\n\t  \t\t\t\t<li><span class=\"title\">Age<\/span>\n\t\t\t\t<span class=\"value\">\n\t\t\t\t\t\t\t\t\t\t\t33\t\t\t\t\t\t\t\t\t<\/span>\n\t\t\t<\/li>\n\t\t\t\t\t<li><span class=\"title\">Country<\/span>\n\t\t\t\t<span class=\"value\">\n\t\t\t\t\t\t\t\t\t\t\tSpain\t\t\t\t\t\t\t\t\t<\/span>\n\t\t\t<\/li>\n\t\t\t\t\t<li><span class=\"title\">E-mail<\/span>\n\t\t\t\t<span class=\"value\">\n\t\t\t\t\t\t\t\t\t\t\t<a href=\"mailto:mail@martingil.es\" target=\"_self\">\n\t\t\t\t\t\t\tmail@martingil.es\t\t\t\t\t\t<\/a>\n\t\t\t\t\t\t\t\t\t<\/span>\n\t\t\t<\/li>\n\t\t\t\t\t<li><span class=\"title\">Phone<\/span>\n\t\t\t\t<span class=\"value\">\n\t\t\t\t\t\t\t\t\t\t\tRequest by e-mail\t\t\t\t\t\t\t\t\t<\/span>\n\t\t\t<\/li>\n\t\t\t\t\t<li><span class=\"title\">Freelance<\/span>\n\t\t\t\t<span class=\"value\">\n\t\t\t\t\t\t\t\t\t\t\tAvailable\t\t\t\t\t\t\t\t\t<\/span>\n\t\t\t<\/li>\n\t\t\t<\/ul>\n<\/div>\n\t<\/div>\r\n<\/div>\r\n<\/div>\n\n\t<\/div>\n<\/section>","protected":false},"excerpt":{"rendered":"<p>Sobre m\u00ed \u00a1Hola! Soy Mart\u00edn Gil. Como buen apasionado de los videojuegos y la inform\u00e1tica, me he especializado en traducci\u00f3n para la industria del videojuego y en desarrollo de aplicaciones multiplataforma.Consultar CV Edad 33 Pa\u00eds Espa\u00f1a Correo mail@martingil.es Tel\u00e9fono Solicitar por correo Freelance Disponible<\/p>","protected":false},"author":1,"featured_media":0,"parent":0,"menu_order":0,"comment_status":"closed","ping_status":"closed","template":"","meta":{"footnotes":""},"class_list":["post-8","page","type-page","status-publish","hentry"],"_links":{"self":[{"href":"https:\/\/martingil.es\/en\/wp-json\/wp\/v2\/pages\/8"}],"collection":[{"href":"https:\/\/martingil.es\/en\/wp-json\/wp\/v2\/pages"}],"about":[{"href":"https:\/\/martingil.es\/en\/wp-json\/wp\/v2\/types\/page"}],"author":[{"embeddable":true,"href":"https:\/\/martingil.es\/en\/wp-json\/wp\/v2\/users\/1"}],"replies":[{"embeddable":true,"href":"https:\/\/martingil.es\/en\/wp-json\/wp\/v2\/comments?post=8"}],"version-history":[{"count":23,"href":"https:\/\/martingil.es\/en\/wp-json\/wp\/v2\/pages\/8\/revisions"}],"predecessor-version":[{"id":1045,"href":"https:\/\/martingil.es\/en\/wp-json\/wp\/v2\/pages\/8\/revisions\/1045"}],"wp:attachment":[{"href":"https:\/\/martingil.es\/en\/wp-json\/wp\/v2\/media?parent=8"}],"curies":[{"name":"wp","href":"https:\/\/api.w.org\/{rel}","templated":true}]}}